{"id":389,"date":"2025-03-31T03:39:08","date_gmt":"2025-03-31T03:39:08","guid":{"rendered":"https:\/\/babyjecreations.com\/RSE\/?page_id=389"},"modified":"2025-08-18T20:22:59","modified_gmt":"2025-08-19T02:22:59","slug":"productos","status":"publish","type":"page","link":"https:\/\/avin.cr\/index.php\/productos\/","title":{"rendered":"PRODUCTOS"},"content":{"rendered":"<p>[et_pb_section fb_built=\u00bb1&#8243; admin_label=\u00bbHeader\u00bb _builder_version=\u00bb4.16&#8243; _module_preset=\u00bbdefault\u00bb background_enable_color=\u00bboff\u00bb custom_padding=\u00bb0px||||false|false\u00bb global_colors_info=\u00bb{}\u00bb][et_pb_row column_structure=\u00bb3_5,2_5&#8243; use_custom_gutter=\u00bbon\u00bb gutter_width=\u00bb1&#8243; make_equal=\u00bbon\u00bb _builder_version=\u00bb4.16&#8243; _module_preset=\u00bbdefault\u00bb custom_padding=\u00bb0px||0px||false|false\u00bb box_shadow_style=\u00bbpreset4&#8243; box_shadow_horizontal=\u00bb-30vw\u00bb box_shadow_vertical=\u00bb0px\u00bb box_shadow_color=\u00bb#1D1D25&#8243; global_colors_info=\u00bb{}\u00bb][et_pb_column type=\u00bb3_5&#8243; _builder_version=\u00bb4.16&#8243; _module_preset=\u00bbdefault\u00bb background_color=\u00bb#1D1D25&#8243; custom_padding=\u00bb150px|40px|40px||false|false\u00bb custom_padding_tablet=\u00bb60px||60px||true|false\u00bb custom_padding_phone=\u00bb40px||40px||true|false\u00bb custom_padding_last_edited=\u00bbon|phone\u00bb global_colors_info=\u00bb{}\u00bb][et_pb_text _builder_version=\u00bb4.27.4&#8243; _module_preset=\u00bbe598b17a-9229-42f6-b238-019d6094332e\u00bb header_font=\u00bbOutfit|600|||||||\u00bb header_text_color=\u00bb#FFFFFF\u00bb header_font_size=\u00bb72px\u00bb header_line_height=\u00bb1.1em\u00bb custom_margin=\u00bb||0px||false|false\u00bb header_font_size_tablet=\u00bb40px\u00bb header_font_size_phone=\u00bb24px\u00bb header_font_size_last_edited=\u00bbon|phone\u00bb locked=\u00bboff\u00bb global_colors_info=\u00bb{}\u00bb]<\/p>\n<h1>Productos &amp; Servicios<\/h1>\n<p>[\/et_pb_text][et_pb_divider color=\u00bbrgba(255,255,255,0.24)\u00bb divider_weight=\u00bb10px\u00bb divider_weight_tablet=\u00bb5px\u00bb divider_weight_phone=\u00bb5px\u00bb divider_weight_last_edited=\u00bbon|phone\u00bb _builder_version=\u00bb4.16&#8243; _module_preset=\u00bbdefault\u00bb max_width=\u00bb364px\u00bb custom_margin=\u00bb-6%||||false|false\u00bb custom_margin_tablet=\u00bb-3%||||false|false\u00bb custom_margin_phone=\u00bb-6%||||false|false\u00bb custom_margin_last_edited=\u00bbon|desktop\u00bb locked=\u00bboff\u00bb global_colors_info=\u00bb{}\u00bb][\/et_pb_divider][\/et_pb_column][et_pb_column type=\u00bb2_5&#8243; _builder_version=\u00bb4.16&#8243; _module_preset=\u00bbdefault\u00bb global_colors_info=\u00bb{}\u00bb][et_pb_image src=\u00bbhttps:\/\/avin.cr\/wp-content\/uploads\/2025\/08\/gallina.png\u00bb title_text=\u00bbgallina\u00bb _builder_version=\u00bb4.27.4&#8243; _module_preset=\u00bbdefault\u00bb hover_enabled=\u00bb0&#8243; global_colors_info=\u00bb{}\u00bb sticky_enabled=\u00bb0&#8243;][\/et_pb_image][et_pb_text _builder_version=\u00bb4.27.4&#8243; _module_preset=\u00bb7262e956-c376-4aa6-9642-c413f71527d0&#8243; text_font_size=\u00bb13px\u00bb text_line_height=\u00bb1.8em\u00bb link_text_color=\u00bb#666666&#8243; background_color=\u00bb#FFFFFF\u00bb custom_margin=\u00bb||0px||false|false\u00bb custom_padding=\u00bb40px|40px|40px|40px|true|true\u00bb custom_padding_tablet=\u00bb30px|30px|30px|30px|true|true\u00bb custom_padding_phone=\u00bb|20px||20px|true|true\u00bb custom_padding_last_edited=\u00bbon|phone\u00bb header_font_size_tablet=\u00bb55px\u00bb header_font_size_last_edited=\u00bboff|desktop\u00bb box_shadow_style=\u00bbpreset3&#8243; box_shadow_vertical=\u00bb30px\u00bb box_shadow_blur=\u00bb60px\u00bb box_shadow_spread=\u00bb0px\u00bb box_shadow_color=\u00bbrgba(53,66,85,0.24)\u00bb locked=\u00bboff\u00bb global_colors_info=\u00bb{}\u00bb]<\/p>\n<p>En <strong>Alimentos Avin<\/strong>, nos especializamos en la producci\u00f3n y distribuci\u00f3n de alimentos balanceados para animales, con el compromiso de aportar al desarrollo del sector agropecuario costarricense. Nuestra experiencia, acompa\u00f1amiento t\u00e9cnico y enfoque en la calidad nos convierten en aliados estrat\u00e9gicos para productores que buscan resultados sostenibles.<\/p>\n<p>[\/et_pb_text][\/et_pb_column][\/et_pb_row][\/et_pb_section][et_pb_section fb_built=\u00bb1&#8243; admin_label=\u00bbFeatures\u00bb _builder_version=\u00bb4.16&#8243; _module_preset=\u00bbdefault\u00bb global_colors_info=\u00bb{}\u00bb][et_pb_row column_structure=\u00bb1_2,1_2&#8243; _builder_version=\u00bb4.16&#8243; _module_preset=\u00bbdefault\u00bb global_colors_info=\u00bb{}\u00bb][et_pb_column type=\u00bb1_2&#8243; _builder_version=\u00bb4.16&#8243; _module_preset=\u00bbdefault\u00bb global_colors_info=\u00bb{}\u00bb][et_pb_image src=\u00bbhttps:\/\/avin.cr\/wp-content\/uploads\/2025\/08\/maiz.png\u00bb title_text=\u00bbmaiz\u00bb _builder_version=\u00bb4.27.4&#8243; _module_preset=\u00bbdefault\u00bb global_colors_info=\u00bb{}\u00bb][\/et_pb_image][\/et_pb_column][et_pb_column type=\u00bb1_2&#8243; _builder_version=\u00bb4.16&#8243; _module_preset=\u00bbdefault\u00bb global_colors_info=\u00bb{}\u00bb][et_pb_text _builder_version=\u00bb4.27.4&#8243; _module_preset=\u00bb003e9429-8e11-4d9e-968b-8881092bbf81&#8243; header_2_font=\u00bbOutfit|600|||||||\u00bb header_2_text_color=\u00bb#000000&#8243; header_2_font_size=\u00bb48px\u00bb header_2_line_height=\u00bb1.1em\u00bb max_width=\u00bb800px\u00bb custom_margin=\u00bb||0px||false|false\u00bb header_2_font_size_tablet=\u00bb32px\u00bb header_2_font_size_phone=\u00bb20px\u00bb header_2_font_size_last_edited=\u00bbon|desktop\u00bb header_2_line_height_tablet=\u00bb1.2em\u00bb header_2_line_height_phone=\u00bb\u00bb header_2_line_height_last_edited=\u00bbon|phone\u00bb locked=\u00bboff\u00bb global_colors_info=\u00bb{}\u00bb]<\/p>\n<h2>Nutrici\u00f3n Con Prop\u00f3sito<\/h2>\n<p>[\/et_pb_text][et_pb_divider color=\u00bbrgba(76,89,76,0.24)\u00bb divider_weight=\u00bb5px\u00bb _builder_version=\u00bb4.16&#8243; _module_preset=\u00bbce0e852d-65f7-4b50-97d9-c94701b6b484&#8243; max_width=\u00bb210px\u00bb height=\u00bb5px\u00bb custom_margin=\u00bb-24px||30px||false|false\u00bb custom_margin_tablet=\u00bb-22px||||false|false\u00bb custom_margin_phone=\u00bb-18px||||false|false\u00bb custom_margin_last_edited=\u00bbon|phone\u00bb global_colors_info=\u00bb{}\u00bb][\/et_pb_divider][et_pb_text _builder_version=\u00bb4.27.4&#8243; _module_preset=\u00bb22d0da71-6393-430b-a0cd-b77dd565e85c\u00bb text_font_size=\u00bb16px\u00bb text_line_height=\u00bb1.8em\u00bb text_font_size_tablet=\u00bb15px\u00bb text_font_size_phone=\u00bb14px\u00bb text_font_size_last_edited=\u00bbon|phone\u00bb header_font_size_tablet=\u00bb55px\u00bb header_font_size_last_edited=\u00bboff|desktop\u00bb locked=\u00bboff\u00bb global_colors_info=\u00bb{}\u00bb]<\/p>\n<p><span>En <strong>Alimentos Avin<\/strong> trabajamos con excelencia para ofrecer soluciones integrales en nutrici\u00f3n y manejo animal. Nuestros productos est\u00e1n formulados con ingredientes de alta calidad y respaldados por un equipo t\u00e9cnico comprometido con el bienestar y la productividad en cada finca. Acompa\u00f1amos a nuestros clientes en sus procesos productivos, brindando no solo alimentos balanceados, sino tambi\u00e9n asesor\u00eda t\u00e9cnica, atenci\u00f3n veterinaria, insumos agropecuarios y personal capacitado para apoyar el crecimiento del sector agropecuario costarricense.<\/span><\/p>\n<p>[\/et_pb_text][\/et_pb_column][\/et_pb_row][et_pb_row column_structure=\u00bb1_2,1_2&#8243; _builder_version=\u00bb4.16&#8243; _module_preset=\u00bbdefault\u00bb global_colors_info=\u00bb{}\u00bb][et_pb_column type=\u00bb1_2&#8243; _builder_version=\u00bb4.16&#8243; _module_preset=\u00bbdefault\u00bb global_colors_info=\u00bb{}\u00bb][et_pb_image src=\u00bbhttps:\/\/avin.cr\/wp-content\/uploads\/2025\/08\/alimento-pero.png\u00bb title_text=\u00bbalimento pero\u00bb _builder_version=\u00bb4.27.4&#8243; _module_preset=\u00bbdefault\u00bb global_colors_info=\u00bb{}\u00bb][\/et_pb_image][\/et_pb_column][et_pb_column type=\u00bb1_2&#8243; _builder_version=\u00bb4.16&#8243; _module_preset=\u00bbdefault\u00bb global_colors_info=\u00bb{}\u00bb][et_pb_text _builder_version=\u00bb4.27.4&#8243; _module_preset=\u00bb003e9429-8e11-4d9e-968b-8881092bbf81&#8243; header_2_font=\u00bbOutfit|600|||||||\u00bb header_2_text_color=\u00bb#000000&#8243; header_2_font_size=\u00bb48px\u00bb header_2_line_height=\u00bb1.1em\u00bb max_width=\u00bb800px\u00bb custom_margin=\u00bb||0px||false|false\u00bb header_2_font_size_tablet=\u00bb32px\u00bb header_2_font_size_phone=\u00bb20px\u00bb header_2_font_size_last_edited=\u00bbon|desktop\u00bb header_2_line_height_tablet=\u00bb1.2em\u00bb header_2_line_height_phone=\u00bb\u00bb header_2_line_height_last_edited=\u00bbon|phone\u00bb locked=\u00bboff\u00bb global_colors_info=\u00bb{}\u00bb]<\/p>\n<h2>Alimentar Con Calidad<\/h2>\n<p>[\/et_pb_text][et_pb_divider color=\u00bbrgba(76,89,76,0.24)\u00bb divider_weight=\u00bb5px\u00bb _builder_version=\u00bb4.16&#8243; _module_preset=\u00bbce0e852d-65f7-4b50-97d9-c94701b6b484&#8243; max_width=\u00bb210px\u00bb height=\u00bb5px\u00bb custom_margin=\u00bb-24px||30px||false|false\u00bb custom_margin_tablet=\u00bb-22px||||false|false\u00bb custom_margin_phone=\u00bb-18px||||false|false\u00bb custom_margin_last_edited=\u00bbon|phone\u00bb global_colors_info=\u00bb{}\u00bb][\/et_pb_divider][et_pb_text _builder_version=\u00bb4.27.4&#8243; _module_preset=\u00bb22d0da71-6393-430b-a0cd-b77dd565e85c\u00bb text_font_size=\u00bb16px\u00bb text_line_height=\u00bb1.8em\u00bb text_font_size_tablet=\u00bb15px\u00bb text_font_size_phone=\u00bb14px\u00bb text_font_size_last_edited=\u00bbon|phone\u00bb header_font_size_tablet=\u00bb55px\u00bb header_font_size_last_edited=\u00bboff|desktop\u00bb locked=\u00bboff\u00bb global_colors_info=\u00bb{}\u00bb]<\/p>\n<p><span>En <strong>Alimentos Avin<\/strong> trabajamos con excelencia para ofrecer soluciones integrales en nutrici\u00f3n y manejo animal. Nuestros productos est\u00e1n formulados con ingredientes de alta calidad y respaldados por un equipo t\u00e9cnico comprometido con el bienestar y la productividad en cada finca. Acompa\u00f1amos a nuestros clientes en sus procesos productivos, brindando no solo alimentos balanceados, sino tambi\u00e9n asesor\u00eda t\u00e9cnica, atenci\u00f3n veterinaria, insumos agropecuarios y personal capacitado para apoyar el crecimiento del sector agropecuario costarricense.<\/span><\/p>\n<p>[\/et_pb_text][et_pb_blurb title=\u00bbCalidad garantizada \u00bb use_icon=\u00bbon\u00bb font_icon=\u00bb&#x4e;||divi||400&#8243; icon_color=\u00bb#000000&#8243; icon_placement=\u00bbleft\u00bb image_icon_width=\u00bb32px\u00bb content_max_width=\u00bb100%\u00bb image_icon_width_tablet=\u00bb32px\u00bb image_icon_width_phone=\u00bb32px\u00bb image_icon_width_last_edited=\u00bbon|desktop\u00bb _builder_version=\u00bb4.27.4&#8243; _module_preset=\u00bbbbd70754-49fa-4988-ad64-9765b3b8d0fe\u00bb header_font=\u00bbOutfit|700|||||||\u00bb header_text_color=\u00bb#000000&#8243; header_line_height=\u00bb1.8em\u00bb custom_margin=\u00bb||10px||false|false\u00bb header_font_size_tablet=\u00bb17px\u00bb header_font_size_phone=\u00bb16px\u00bb header_font_size_last_edited=\u00bbon|desktop\u00bb global_colors_info=\u00bb{}\u00bb]<\/p>\n<p>Elaboramos alimentos con estrictos controles de calidad, adaptados a las necesidades de cada especie.<\/p>\n<p>[\/et_pb_blurb][et_pb_blurb title=\u00bbAsesor\u00eda t\u00e9cnica continua\u00bb use_icon=\u00bbon\u00bb font_icon=\u00bb&#x4e;||divi||400&#8243; icon_color=\u00bb#000000&#8243; icon_placement=\u00bbleft\u00bb image_icon_width=\u00bb32px\u00bb content_max_width=\u00bb100%\u00bb image_icon_width_tablet=\u00bb32px\u00bb image_icon_width_phone=\u00bb32px\u00bb image_icon_width_last_edited=\u00bbon|desktop\u00bb _builder_version=\u00bb4.27.4&#8243; _module_preset=\u00bbbbd70754-49fa-4988-ad64-9765b3b8d0fe\u00bb header_font=\u00bbOutfit|700|||||||\u00bb header_text_color=\u00bb#000000&#8243; header_line_height=\u00bb1.8em\u00bb custom_margin=\u00bb||10px||false|false\u00bb global_colors_info=\u00bb{}\u00bb]<\/p>\n<p>Nuestro equipo profesional brinda acompa\u00f1amiento en campo, formulaciones personalizadas y seguimiento productivo.<\/p>\n<p>[\/et_pb_blurb][et_pb_blurb title=\u00bbAgroservicio completo\u00bb use_icon=\u00bbon\u00bb font_icon=\u00bb&#x4e;||divi||400&#8243; icon_color=\u00bb#000000&#8243; icon_placement=\u00bbleft\u00bb image_icon_width=\u00bb32px\u00bb content_max_width=\u00bb100%\u00bb image_icon_width_tablet=\u00bb32px\u00bb image_icon_width_phone=\u00bb32px\u00bb image_icon_width_last_edited=\u00bbon|desktop\u00bb _builder_version=\u00bb4.27.4&#8243; _module_preset=\u00bbbbd70754-49fa-4988-ad64-9765b3b8d0fe\u00bb header_font=\u00bbOutfit|700|||||||\u00bb header_text_color=\u00bb#000000&#8243; header_line_height=\u00bb1.8em\u00bb custom_margin=\u00bb||10px||false|false\u00bb global_colors_info=\u00bb{}\u00bb]<\/p>\n<p>Disponemos de un punto de venta con insumos agr\u00edcolas, suplementos, herramientas y atenci\u00f3n especializada.<\/p>\n<p>[\/et_pb_blurb][et_pb_blurb title=\u00bbCompromiso con el productor\u00bb use_icon=\u00bbon\u00bb font_icon=\u00bb&#x4e;||divi||400&#8243; icon_color=\u00bb#000000&#8243; icon_placement=\u00bbleft\u00bb image_icon_width=\u00bb32px\u00bb content_max_width=\u00bb100%\u00bb image_icon_width_tablet=\u00bb32px\u00bb image_icon_width_phone=\u00bb32px\u00bb image_icon_width_last_edited=\u00bbon|desktop\u00bb _builder_version=\u00bb4.27.4&#8243; _module_preset=\u00bbbbd70754-49fa-4988-ad64-9765b3b8d0fe\u00bb header_font=\u00bbOutfit|700|||||||\u00bb header_text_color=\u00bb#000000&#8243; header_line_height=\u00bb1.8em\u00bb custom_margin=\u00bb||10px||false|false\u00bb global_colors_info=\u00bb{}\u00bb]<\/p>\n<p>Crecemos junto a nuestros clientes, ofreciendo soluciones reales y cercanas, con el respaldo de una empresa que entiende el campo.<\/p>\n<p>[\/et_pb_blurb][\/et_pb_column][\/et_pb_row][\/et_pb_section]<\/p>\n","protected":false},"excerpt":{"rendered":"<p>Productos &amp; ServiciosEn Alimentos Avin, nos especializamos en la producci\u00f3n y distribuci\u00f3n de alimentos balanceados para animales, con el compromiso de aportar al desarrollo del sector agropecuario costarricense. Nuestra experiencia, acompa\u00f1amiento t\u00e9cnico y enfoque en la calidad nos convierten en aliados estrat\u00e9gicos para productores que buscan resultados sostenibles.Nutrici\u00f3n Con Prop\u00f3sitoEn Alimentos Avin trabajamos con excelencia [&hellip;]<\/p>\n","protected":false},"author":1,"featured_media":0,"parent":0,"menu_order":0,"comment_status":"closed","ping_status":"closed","template":"","meta":{"_et_pb_use_builder":"on","_et_pb_old_content":"","_et_gb_content_width":"","footnotes":""},"class_list":["post-389","page","type-page","status-publish","hentry"],"_links":{"self":[{"href":"https:\/\/avin.cr\/index.php\/wp-json\/wp\/v2\/pages\/389","targetHints":{"allow":["GET"]}}],"collection":[{"href":"https:\/\/avin.cr\/index.php\/wp-json\/wp\/v2\/pages"}],"about":[{"href":"https:\/\/avin.cr\/index.php\/wp-json\/wp\/v2\/types\/page"}],"author":[{"embeddable":true,"href":"https:\/\/avin.cr\/index.php\/wp-json\/wp\/v2\/users\/1"}],"replies":[{"embeddable":true,"href":"https:\/\/avin.cr\/index.php\/wp-json\/wp\/v2\/comments?post=389"}],"version-history":[{"count":4,"href":"https:\/\/avin.cr\/index.php\/wp-json\/wp\/v2\/pages\/389\/revisions"}],"predecessor-version":[{"id":504,"href":"https:\/\/avin.cr\/index.php\/wp-json\/wp\/v2\/pages\/389\/revisions\/504"}],"wp:attachment":[{"href":"https:\/\/avin.cr\/index.php\/wp-json\/wp\/v2\/media?parent=389"}],"curies":[{"name":"wp","href":"https:\/\/api.w.org\/{rel}","templated":true}]}}